{"id":1178,"date":"2020-12-15T21:00:07","date_gmt":"2020-12-15T21:00:07","guid":{"rendered":"https:\/\/biscuitsolibet.com\/arts-biscuits\/"},"modified":"2022-04-06T12:41:20","modified_gmt":"2022-04-06T12:41:20","slug":"arts-biscuits","status":"publish","type":"page","link":"https:\/\/biscuitsolibet.com\/es\/arts-biscuits\/","title":{"rendered":"Arte &#038; Publicidad"},"content":{"rendered":"\n<p><strong>\u00ab\u00a0Aprendi\u00f3 a caminar un poco m\u00e1s tarde, empujando delante de \u00e9l una caja de galletas OLIBET. Una caja de forma cuadrada, cerrada, un cubo. Sin embargo, el peque\u00f1o Pablo, todav\u00eda lejos de ser el inventor del Cubismo, supo perfectamente lo que se encontraba en este cubo: \u00a1unas galletas!\u201d<\/strong> [Traducci\u00f3n libre] <em><em>Pablo Picasso, Le Sage et le fou<\/em> <\/em>(Gallimard, 1986), Marie-Laure Bernadac y Paule du Bouchet.<\/p>\n\n\n\n<p>M\u00e1s all\u00e1 de la an\u00e9cdota, la iconograf\u00eda de OLIBET demuestra la gran creatividad de \u201cLa Primera Marca Francesa\u201d. Por lo tanto, OLIBET trabaj\u00f3 con muchos pintores y cartelistas, ajust\u00e1ndose a los diferentes movimientos art\u00edsticos de las \u00e9pocas atravesadas.<\/p>\n\n\n<div class=\"gallery\">\n    \n        <div class=\"gallery__col\"><\/div>\n        <div class=\"gallery__col\"><\/div>\n        <div class=\"gallery__col\"><\/div>\n        <div class=\"gallery__col\"><\/div>\n    \n            \n            \n            <div class=\"gallery__item\" data-mfp-src=\"#popup-0\">\n                <img decoding=\"async\" src=\"https:\/\/biscuitsolibet.com\/wp-content\/uploads\/2020\/12\/02-157x300.jpg\"\n                        alt=\"\">\n            <\/div>\n    \n            \n            \n            <div class=\"gallery__item\" data-mfp-src=\"#popup-1\">\n                <img decoding=\"async\" src=\"https:\/\/biscuitsolibet.com\/wp-content\/uploads\/2021\/01\/Biscuits-RECOMMANDES-200x300.jpg\"\n                        alt=\"\">\n            <\/div>\n    \n            \n            \n            <div class=\"gallery__item\" data-mfp-src=\"#popup-2\">\n                <img decoding=\"async\" src=\"https:\/\/biscuitsolibet.com\/wp-content\/uploads\/2020\/12\/04.jpg\"\n                        alt=\"\">\n            <\/div>\n    \n            \n            \n            <div class=\"gallery__item\" data-mfp-src=\"#popup-3\">\n                <img decoding=\"async\" src=\"https:\/\/biscuitsolibet.com\/wp-content\/uploads\/2020\/12\/05-232x300.jpg\"\n                        alt=\"\">\n            <\/div>\n    \n            \n            \n            <div class=\"gallery__item\" data-mfp-src=\"#popup-4\">\n                <img decoding=\"async\" src=\"https:\/\/biscuitsolibet.com\/wp-content\/uploads\/2021\/01\/Dame-Chapeau-A.Thivet-scaled.jpg\"\n                        alt=\"\">\n            <\/div>\n    \n            \n            \n            <div class=\"gallery__item\" data-mfp-src=\"#popup-5\">\n                <img decoding=\"async\" src=\"https:\/\/biscuitsolibet.com\/wp-content\/uploads\/2021\/05\/Fig3-Olibet-Fauvette-238x300.jpeg\"\n                        alt=\"\">\n            <\/div>\n    \n            \n            \n            <div class=\"gallery__item\" data-mfp-src=\"#popup-6\">\n                <img decoding=\"async\" src=\"https:\/\/biscuitsolibet.com\/wp-content\/uploads\/2021\/01\/1900-1930-1-Affiche-Biscuits-Olibet-imprimee-par-Verneau-LE-DEJEUNER-219x300.jpg\"\n                        alt=\"\">\n            <\/div>\n    \n            \n            \n            <div class=\"gallery__item\" data-mfp-src=\"#popup-7\">\n                <img decoding=\"async\" src=\"https:\/\/biscuitsolibet.com\/wp-content\/uploads\/2021\/01\/1900-1920-1-Affiche-Biscuits-Olibet-par-Louis-Theophile-Hingre-imprimee-par-Leopold-Verger-Paris-LE-DEJEUNER-116x300.jpg\"\n                        alt=\"\">\n            <\/div>\n    \n            \n            \n            <div class=\"gallery__item\" data-mfp-src=\"#popup-8\">\n                <img decoding=\"async\" src=\"https:\/\/biscuitsolibet.com\/wp-content\/uploads\/2021\/01\/Pierre-Pean-214x300.jpg\"\n                        alt=\"\">\n            <\/div>\n    \n            \n            \n            <div class=\"gallery__item\" data-mfp-src=\"#popup-9\">\n                <img decoding=\"async\" src=\"https:\/\/biscuitsolibet.com\/wp-content\/uploads\/2021\/01\/Fillette-Jupe-large-jupe-195x300.jpg\"\n                        alt=\"\">\n            <\/div>\n    \n            \n            \n            <div class=\"gallery__item\" data-mfp-src=\"#popup-10\">\n                <img decoding=\"async\" src=\"https:\/\/biscuitsolibet.com\/wp-content\/uploads\/2021\/01\/Pacha-Georges-217x300.jpg\"\n                        alt=\"\">\n            <\/div>\n    \n            \n            \n            <div class=\"gallery__item\" data-mfp-src=\"#popup-11\">\n                <img decoding=\"async\" src=\"https:\/\/biscuitsolibet.com\/wp-content\/uploads\/2021\/01\/1900-1930-1-Affiche-Biscuits-Olibet-imprimee-par-Verneau-PETIT-BEURRE-139x300.jpg\"\n                        alt=\"\">\n            <\/div>\n    \n            \n            \n            <div class=\"gallery__item\" data-mfp-src=\"#popup-12\">\n                <img decoding=\"async\" src=\"https:\/\/biscuitsolibet.com\/wp-content\/uploads\/2021\/01\/DELACROIX-LES-BISCUITS-OLIBET-24x19-cm-238x300.jpg\"\n                        alt=\"\">\n            <\/div>\n    \n            \n            \n            <div class=\"gallery__item\" data-mfp-src=\"#popup-13\">\n                <img decoding=\"async\" src=\"https:\/\/biscuitsolibet.com\/wp-content\/uploads\/2021\/01\/1900-1920-10-Carte-postale-Biscuits-Olibet-Bordeaux-Paris-PETIT-SEL-219x300.jpg\"\n                        alt=\"\">\n            <\/div>\n    \n            \n            \n            <div class=\"gallery__item\" data-mfp-src=\"#popup-14\">\n                <img decoding=\"async\" src=\"https:\/\/biscuitsolibet.com\/wp-content\/uploads\/2021\/01\/1900-1920-65-Carte-postale-Biscuits-Olibet-CREME-BEURRE-Le-meilleur-des-biscuits-au-beurre-191x300.jpg\"\n                        alt=\"\">\n            <\/div>\n    \n            \n            \n            <div class=\"gallery__item\" data-mfp-src=\"#popup-15\">\n                <img decoding=\"async\" src=\"https:\/\/biscuitsolibet.com\/wp-content\/uploads\/2021\/01\/Chapeau-Melon-194x300.jpg\"\n                        alt=\"\">\n            <\/div>\n    \n            \n            \n            <div class=\"gallery__item\" data-mfp-src=\"#popup-16\">\n                <img decoding=\"async\" src=\"https:\/\/biscuitsolibet.com\/wp-content\/uploads\/2021\/01\/Lessieux_Maghreb_HD-232x300.jpg\"\n                        alt=\"\">\n            <\/div>\n    \n            \n        \n<\/div>\n\n\n        \n        \n        <div id=\"popup-0\" class=\"popup mfp-hide\">\n            <img decoding=\"async\" src=\"https:\/\/biscuitsolibet.com\/wp-content\/uploads\/2020\/12\/02.jpg\" alt=\"\">\n            <p class=\"gallery__type\">Plaque \u00e9maill\u00e9e<\/p>\n            <h4 class=\"gallery__title\">\u00ab\u00a0Monsieur le Juge \u00bb<\/h4>\n            <p class=\"gallery__year\">1880<\/p>\n                    <\/div>\n    \n        \n        \n        <div id=\"popup-1\" class=\"popup mfp-hide\">\n            <img decoding=\"async\" src=\"https:\/\/biscuitsolibet.com\/wp-content\/uploads\/2021\/01\/Biscuits-RECOMMANDES.jpg\" alt=\"\">\n            <p class=\"gallery__type\">Plaque \u00e9maill\u00e9e<\/p>\n            <h4 class=\"gallery__title\">\u00ab\u00a0Monsieur le Juge \u00bb<\/h4>\n            <p class=\"gallery__year\">1880<\/p>\n                    <\/div>\n    \n        \n        \n        <div id=\"popup-2\" class=\"popup mfp-hide\">\n            <img decoding=\"async\" src=\"https:\/\/biscuitsolibet.com\/wp-content\/uploads\/2020\/12\/04.jpg\" alt=\"\">\n            <p class=\"gallery__type\">Plaque \u00e9maill\u00e9e<\/p>\n            <h4 class=\"gallery__title\">\u00ab\u00a0Monsieur le Juge \u00bb<\/h4>\n            <p class=\"gallery__year\">1880<\/p>\n                    <\/div>\n    \n        \n        \n        <div id=\"popup-3\" class=\"popup mfp-hide\">\n            <img decoding=\"async\" src=\"https:\/\/biscuitsolibet.com\/wp-content\/uploads\/2020\/12\/05.jpg\" alt=\"\">\n            <p class=\"gallery__type\">Plaque \u00e9maill\u00e9e<\/p>\n            <h4 class=\"gallery__title\">\u00ab\u00a0Monsieur le Juge \u00bb<\/h4>\n            <p class=\"gallery__year\">1880<\/p>\n                    <\/div>\n    \n        \n        \n        <div id=\"popup-4\" class=\"popup mfp-hide\">\n            <img decoding=\"async\" src=\"https:\/\/biscuitsolibet.com\/wp-content\/uploads\/2021\/01\/Dame-Chapeau-A.Thivet-scaled.jpg\" alt=\"\">\n            <p class=\"gallery__type\">A. Thivet<\/p>\n            <h4 class=\"gallery__title\">\u00ab\u00a0Dame Chapeau \u00e0 Plumes \u00bb<\/h4>\n            <p class=\"gallery__year\">ca 1905<\/p>\n                    <\/div>\n    \n        \n        \n        <div id=\"popup-5\" class=\"popup mfp-hide\">\n            <img decoding=\"async\" src=\"https:\/\/biscuitsolibet.com\/wp-content\/uploads\/2021\/05\/Fig3-Olibet-Fauvette.jpeg\" alt=\"\">\n            <p class=\"gallery__type\">Plaque \u00e9maill\u00e9e<\/p>\n            <h4 class=\"gallery__title\">\u00ab\u00a0Monsieur le Juge \u00bb<\/h4>\n            <p class=\"gallery__year\">1880<\/p>\n                    <\/div>\n    \n        \n        \n        <div id=\"popup-6\" class=\"popup mfp-hide\">\n            <img decoding=\"async\" src=\"https:\/\/biscuitsolibet.com\/wp-content\/uploads\/2021\/01\/1900-1930-1-Affiche-Biscuits-Olibet-imprimee-par-Verneau-LE-DEJEUNER-scaled.jpg\" alt=\"\">\n            <p class=\"gallery__type\">Plaque \u00e9maill\u00e9e<\/p>\n            <h4 class=\"gallery__title\">\u00ab\u00a0Monsieur le Juge \u00bb<\/h4>\n            <p class=\"gallery__year\">1880<\/p>\n                    <\/div>\n    \n        \n        \n        <div id=\"popup-7\" class=\"popup mfp-hide\">\n            <img decoding=\"async\" src=\"https:\/\/biscuitsolibet.com\/wp-content\/uploads\/2021\/01\/1900-1920-1-Affiche-Biscuits-Olibet-par-Louis-Theophile-Hingre-imprimee-par-Leopold-Verger-Paris-LE-DEJEUNER-scaled.jpg\" alt=\"\">\n            <p class=\"gallery__type\">Theophile HINGRE<\/p>\n            <h4 class=\"gallery__title\">\u00ab\u00a0Le D\u00e9jeuner \u00bb<\/h4>\n            <p class=\"gallery__year\">1900<\/p>\n                    <\/div>\n    \n        \n        \n        <div id=\"popup-8\" class=\"popup mfp-hide\">\n            <img decoding=\"async\" src=\"https:\/\/biscuitsolibet.com\/wp-content\/uploads\/2021\/01\/Pierre-Pean.jpg\" alt=\"\">\n            <p class=\"gallery__type\">Coquelicots<\/p>\n            <h4 class=\"gallery__title\">\u00ab\u00a0Ren\u00e9 P\u00e9an \u00bb<\/h4>\n            <p class=\"gallery__year\">ca 1895<\/p>\n                    <\/div>\n    \n        \n        \n        <div id=\"popup-9\" class=\"popup mfp-hide\">\n            <img decoding=\"async\" src=\"https:\/\/biscuitsolibet.com\/wp-content\/uploads\/2021\/01\/Fillette-Jupe-large-jupe-scaled.jpg\" alt=\"\">\n            <p class=\"gallery__type\">Ren\u00e9 Vincent<\/p>\n            <h4 class=\"gallery__title\">\u00ab\u00a0Affiche style Art D\u00e9co \u00bb<\/h4>\n            <p class=\"gallery__year\">1933<\/p>\n                    <\/div>\n    \n        \n        \n        <div id=\"popup-10\" class=\"popup mfp-hide\">\n            <img decoding=\"async\" src=\"https:\/\/biscuitsolibet.com\/wp-content\/uploads\/2021\/01\/Pacha-Georges-scaled.jpg\" alt=\"\">\n            <p class=\"gallery__type\">J. Georges<\/p>\n            <h4 class=\"gallery__title\">\u00ab\u00a0Pacha \u00bb<\/h4>\n            <p class=\"gallery__year\">+\/- 1900<\/p>\n                    <\/div>\n    \n        \n        \n        <div id=\"popup-11\" class=\"popup mfp-hide\">\n            <img decoding=\"async\" src=\"https:\/\/biscuitsolibet.com\/wp-content\/uploads\/2021\/01\/1900-1930-1-Affiche-Biscuits-Olibet-imprimee-par-Verneau-PETIT-BEURRE-scaled.jpg\" alt=\"\">\n            <p class=\"gallery__type\"><\/p>\n            <h4 class=\"gallery__title\">\u00ab\u00a0Monsieur le Juge \u00bb<\/h4>\n            <p class=\"gallery__year\"><\/p>\n                    <\/div>\n    \n        \n        \n        <div id=\"popup-12\" class=\"popup mfp-hide\">\n            <img decoding=\"async\" src=\"https:\/\/biscuitsolibet.com\/wp-content\/uploads\/2021\/01\/DELACROIX-LES-BISCUITS-OLIBET-24x19-cm.jpg\" alt=\"\">\n            <p class=\"gallery__type\">Fabienne Delacroix<\/p>\n            <h4 class=\"gallery__title\">\u00ab\u00a0Colonne Morris \u00abLes Biscuits Olibet\u00bb \u00bb<\/h4>\n            <p class=\"gallery__year\">2020<\/p>\n                    <\/div>\n    \n        \n        \n        <div id=\"popup-13\" class=\"popup mfp-hide\">\n            <img decoding=\"async\" src=\"https:\/\/biscuitsolibet.com\/wp-content\/uploads\/2021\/01\/1900-1920-10-Carte-postale-Biscuits-Olibet-Bordeaux-Paris-PETIT-SEL.jpg\" alt=\"\">\n            <p class=\"gallery__type\">artiste inconnu<\/p>\n            <h4 class=\"gallery__title\">\u00ab\u00a0Petit Sel \u00bb<\/h4>\n            <p class=\"gallery__year\">ca 1890<\/p>\n                    <\/div>\n    \n        \n        \n        <div id=\"popup-14\" class=\"popup mfp-hide\">\n            <img decoding=\"async\" src=\"https:\/\/biscuitsolibet.com\/wp-content\/uploads\/2021\/01\/1900-1920-65-Carte-postale-Biscuits-Olibet-CREME-BEURRE-Le-meilleur-des-biscuits-au-beurre-scaled.jpg\" alt=\"\">\n            <p class=\"gallery__type\">artiste inconnu<\/p>\n            <h4 class=\"gallery__title\">\u00ab\u00a0Cr\u00e8me Beurre \u00bb<\/h4>\n            <p class=\"gallery__year\">ca 1900<\/p>\n                    <\/div>\n    \n        \n        \n        <div id=\"popup-15\" class=\"popup mfp-hide\">\n            <img decoding=\"async\" src=\"https:\/\/biscuitsolibet.com\/wp-content\/uploads\/2021\/01\/Chapeau-Melon.jpg\" alt=\"\">\n            <p class=\"gallery__type\">Artiste inconnu<\/p>\n            <h4 class=\"gallery__title\">\u00ab\u00a0Chapeau Melon \u00bb<\/h4>\n            <p class=\"gallery__year\">ca 1910<\/p>\n                    <\/div>\n    \n        \n        \n        <div id=\"popup-16\" class=\"popup mfp-hide\">\n            <img decoding=\"async\" src=\"https:\/\/biscuitsolibet.com\/wp-content\/uploads\/2021\/01\/Lessieux_Maghreb_HD.jpg\" alt=\"\">\n            <p class=\"gallery__type\">March\u00e9 Marocain<\/p>\n            <h4 class=\"gallery__title\">\u00ab\u00a0Ernest Lessieux \u00bb<\/h4>\n            <p class=\"gallery__year\">ca 1900<\/p>\n                    <\/div>\n    \n        \n\n\n\n<p><\/p>\n\n\n\n<p><\/p>\n\n\n\n<p><\/p>\n\n\n\n<p><\/p>\n","protected":false},"excerpt":{"rendered":"<p>\u00ab\u00a0Aprendi\u00f3 a caminar un poco m\u00e1s tarde, empujando delante de \u00e9l una caja de galletas OLIBET. Una caja de forma cuadrada, cerrada, un cubo. Sin embargo, el peque\u00f1o Pablo, todav\u00eda lejos de ser el inventor del Cubismo, supo perfectamente lo que se encontraba en este cubo: \u00a1unas galletas!\u201d [Traducci\u00f3n libre] Pablo Picasso, Le Sage et [&hellip;]<\/p>\n","protected":false},"author":1,"featured_media":0,"parent":0,"menu_order":0,"comment_status":"closed","ping_status":"closed","template":"page-gallery.php","meta":{"_acf_changed":false,"_mo_disable_npp":"","inline_featured_image":false,"footnotes":""},"class_list":["post-1178","page","type-page","status-publish","hentry"],"acf":[],"_links":{"self":[{"href":"https:\/\/biscuitsolibet.com\/es\/wp-json\/wp\/v2\/pages\/1178","targetHints":{"allow":["GET"]}}],"collection":[{"href":"https:\/\/biscuitsolibet.com\/es\/wp-json\/wp\/v2\/pages"}],"about":[{"href":"https:\/\/biscuitsolibet.com\/es\/wp-json\/wp\/v2\/types\/page"}],"author":[{"embeddable":true,"href":"https:\/\/biscuitsolibet.com\/es\/wp-json\/wp\/v2\/users\/1"}],"replies":[{"embeddable":true,"href":"https:\/\/biscuitsolibet.com\/es\/wp-json\/wp\/v2\/comments?post=1178"}],"version-history":[{"count":2,"href":"https:\/\/biscuitsolibet.com\/es\/wp-json\/wp\/v2\/pages\/1178\/revisions"}],"predecessor-version":[{"id":1181,"href":"https:\/\/biscuitsolibet.com\/es\/wp-json\/wp\/v2\/pages\/1178\/revisions\/1181"}],"wp:attachment":[{"href":"https:\/\/biscuitsolibet.com\/es\/wp-json\/wp\/v2\/media?parent=1178"}],"curies":[{"name":"wp","href":"https:\/\/api.w.org\/{rel}","templated":true}]}}