{"id":1270,"date":"2020-12-21T15:15:10","date_gmt":"2020-12-21T15:15:10","guid":{"rendered":"https:\/\/biscuitsolibet.com\/notre-engagement\/"},"modified":"2022-06-06T20:42:14","modified_gmt":"2022-06-06T20:42:14","slug":"nuestro-compromiso","status":"publish","type":"page","link":"https:\/\/biscuitsolibet.com\/es\/nuestro-compromiso\/","title":{"rendered":"Nuestro compromiso"},"content":{"rendered":"\n<p>La preservaci\u00f3n del clima y de la biodiversidad nos concierne a todos. Por esta raz\u00f3n, deseamos aprovechar las mejores ocasiones de colaborar con la naturaleza para producir y envasar nuestras galletas. Este compromiso se refleja en la selecci\u00f3n de nuestras materias primas, nuestros suministradores y nuestros socios. De momento, hemos identificado tres \u00e1mbitos en los que queremos tener un impacto ambiental positivo:&nbsp;<\/p>\n\n\n\n<p><strong>El suelo en el que crecen nuestros cereales;<\/strong>&nbsp;como punto de partida, nuestra harina es ecol\u00f3gica. En cuanto sea posible, nuestro objetivo es comprar a los agricultores que siguen principios agroecol\u00f3gicos que respetan la vida de la tierra (agricultura sin labranza, cubrici\u00f3n de suelos, uso m\u00ednimo de insumos, \u2026).<\/p>\n\n\n\n<p><strong>Las algas que sirven a envasar nuestros productos;<\/strong>&nbsp;ofrecen una alternativa al pl\u00e1stico convencional. Este pl\u00e1stico de origen biol\u00f3gico es una innovaci\u00f3n de la empresa ERANOVA, es biodegradable en el medio natural y reciclable. Es un paso importante en la lucha contra la contaminaci\u00f3n por pl\u00e1sticos.<\/p>\n\n\n\n<p><strong>Los \u00e1rboles que financiamos<\/strong>&nbsp;son esenciales en la lucha contra el calentamiento global. Gracias a nuestra colaboraci\u00f3n con WeForest, una ONG que contribuye a la reforestaci\u00f3n en todo el mundo, nuestras aportaciones han financiado la plantaci\u00f3n de m\u00e1s de 1500 \u00e1rboles&#8230; \u00a1Con su ayuda, nuestro objetivo es plantar y proteger muchos m\u00e1s!<\/p>\n\n\n\n<p>El suelo, las algas y los \u00e1rboles son potentes sumideros de carbono y son esenciales para la biodiversidad.<\/p>\n","protected":false},"excerpt":{"rendered":"<p>La preservaci\u00f3n del clima y de la biodiversidad nos concierne a todos. Por esta raz\u00f3n, deseamos aprovechar las mejores ocasiones de colaborar con la naturaleza para producir y envasar nuestras galletas. Este compromiso se refleja en la selecci\u00f3n de nuestras materias primas, nuestros suministradores y nuestros socios. De momento, hemos identificado tres \u00e1mbitos en los [&hellip;]<\/p>\n","protected":false},"author":1,"featured_media":0,"parent":0,"menu_order":0,"comment_status":"closed","ping_status":"closed","template":"","meta":{"_acf_changed":false,"_mo_disable_npp":"","inline_featured_image":false,"footnotes":""},"class_list":["post-1270","page","type-page","status-publish","hentry"],"acf":[],"_links":{"self":[{"href":"https:\/\/biscuitsolibet.com\/es\/wp-json\/wp\/v2\/pages\/1270","targetHints":{"allow":["GET"]}}],"collection":[{"href":"https:\/\/biscuitsolibet.com\/es\/wp-json\/wp\/v2\/pages"}],"about":[{"href":"https:\/\/biscuitsolibet.com\/es\/wp-json\/wp\/v2\/types\/page"}],"author":[{"embeddable":true,"href":"https:\/\/biscuitsolibet.com\/es\/wp-json\/wp\/v2\/users\/1"}],"replies":[{"embeddable":true,"href":"https:\/\/biscuitsolibet.com\/es\/wp-json\/wp\/v2\/comments?post=1270"}],"version-history":[{"count":2,"href":"https:\/\/biscuitsolibet.com\/es\/wp-json\/wp\/v2\/pages\/1270\/revisions"}],"predecessor-version":[{"id":1285,"href":"https:\/\/biscuitsolibet.com\/es\/wp-json\/wp\/v2\/pages\/1270\/revisions\/1285"}],"wp:attachment":[{"href":"https:\/\/biscuitsolibet.com\/es\/wp-json\/wp\/v2\/media?parent=1270"}],"curies":[{"name":"wp","href":"https:\/\/api.w.org\/{rel}","templated":true}]}}