{"id":2177,"date":"2024-10-31T14:12:08","date_gmt":"2024-10-31T14:12:08","guid":{"rendered":"https:\/\/biscuitsolibet.com\/?post_type=product&#038;p=2177"},"modified":"2024-12-15T19:38:35","modified_gmt":"2024-12-15T19:38:35","slug":"006896-demi-lune-extra-chocolat","status":"publish","type":"product","link":"https:\/\/biscuitsolibet.com\/es\/produit\/006896-demi-lune-extra-chocolat\/","title":{"rendered":"Demi-Lune Extra Chocolat"},"content":{"rendered":"<p><strong>Ingr\u00e9dients<\/strong> : farine de bl\u00e9 (<b>gluten<\/b>) BIO, beurre (<b>lait<\/b>), sucre, p\u00e9pites de chocolat 11% (sucre, p\u00e2te de cacao, beurre de cacao, \u00e9mulsifiant : l\u00e9cithine (<b>soja<\/b>), vanilline), cacao en poudres 5.3%,\u00a0<b>\u0153uf\u00a0<\/b>entier en poudre, poudres \u00e0 lever (diphosphate disodique, carbonate acide de sodium, farine de bl\u00e9 (<b>gluten<\/b>)), sel. <b>Traces possibles de fruits \u00e0 coque, moutarde et s\u00e9same.<\/b><\/p>\n","protected":false},"excerpt":{"rendered":"<p><strong>5 sachets<\/strong><\/p>\n<p>140 grammes<\/p>\n","protected":false},"featured_media":2277,"template":"","meta":{"_acf_changed":false,"_mo_disable_npp":"","inline_featured_image":false},"product_brand":[],"product_cat":[16],"product_tag":[],"class_list":{"0":"post-2177","1":"product","2":"type-product","3":"status-publish","4":"has-post-thumbnail","6":"product_cat-uncategorized","8":"first","9":"instock","10":"taxable","11":"shipping-taxable","12":"purchasable","13":"product-type-simple"},"acf":[],"_links":{"self":[{"href":"https:\/\/biscuitsolibet.com\/es\/wp-json\/wp\/v2\/product\/2177","targetHints":{"allow":["GET"]}}],"collection":[{"href":"https:\/\/biscuitsolibet.com\/es\/wp-json\/wp\/v2\/product"}],"about":[{"href":"https:\/\/biscuitsolibet.com\/es\/wp-json\/wp\/v2\/types\/product"}],"wp:featuredmedia":[{"embeddable":true,"href":"https:\/\/biscuitsolibet.com\/es\/wp-json\/wp\/v2\/media\/2277"}],"wp:attachment":[{"href":"https:\/\/biscuitsolibet.com\/es\/wp-json\/wp\/v2\/media?parent=2177"}],"wp:term":[{"taxonomy":"product_brand","embeddable":true,"href":"https:\/\/biscuitsolibet.com\/es\/wp-json\/wp\/v2\/product_brand?post=2177"},{"taxonomy":"product_cat","embeddable":true,"href":"https:\/\/biscuitsolibet.com\/es\/wp-json\/wp\/v2\/product_cat?post=2177"},{"taxonomy":"product_tag","embeddable":true,"href":"https:\/\/biscuitsolibet.com\/es\/wp-json\/wp\/v2\/product_tag?post=2177"}],"curies":[{"name":"wp","href":"https:\/\/api.w.org\/{rel}","templated":true}]}}